{"id":15,"date":"2011-01-24T18:53:28","date_gmt":"2011-01-24T17:53:28","guid":{"rendered":"http:\/\/stoertebeker.kkb-clan.de\/wordpress\/?page_id=15"},"modified":"2012-10-27T17:43:05","modified_gmt":"2012-10-27T15:43:05","slug":"mein-arbeitswerkzeug","status":"publish","type":"page","link":"https:\/\/wp.der-fotopirat.de\/?page_id=15","title":{"rendered":"Mein Arbeitswerkzeug"},"content":{"rendered":"<p>Mein \u00e4ltestes noch in Erinnerung gebliebenes Werkzeug ist eine Kompaktkamera mit Film, welche sicherlich in irgendeiner Kiste noch ihr dasein fristet.<\/p>\n<p>Meine erste Digicam stammte aus dem Jahr 2000 oder 2001 und kostete damals wohl \u00fcber 1000 Mark:<\/p>\n<p style=\"text-align: center;\"><a href=\"http:\/\/stoertebeker.kkb-clan.de\/wordpress\/wp-content\/uploads\/2011\/01\/IMG_1246.jpg\" rel=\"lightbox[15]\"><img loading=\"lazy\" decoding=\"async\" class=\"aligncenter size-medium wp-image-29\" title=\"IMG_1246\" src=\"http:\/\/stoertebeker.kkb-clan.de\/wordpress\/wp-content\/uploads\/2011\/01\/IMG_1246-300x200.jpg\" alt=\"\" width=\"300\" height=\"200\" srcset=\"https:\/\/wp.der-fotopirat.de\/wp-content\/uploads\/2011\/01\/IMG_1246-300x200.jpg 300w, https:\/\/wp.der-fotopirat.de\/wp-content\/uploads\/2011\/01\/IMG_1246.jpg 1024w\" sizes=\"auto, (max-width: 300px) 100vw, 300px\" \/><\/a><\/p>\n<p style=\"text-align: left;\">Danach kam eine Zeit nichts, bis ich das Sony Erricson K800i f\u00fcr mich entdeckte. Auch wenn es mir viele nicht glauben wollen: auch mit einem Fotohandy mit 3 MP Aufl\u00f6sung kann man traumhafte Bilder machen \ud83d\ude09<\/p>\n<p style=\"text-align: left;\"><a href=\"http:\/\/stoertebeker.kkb-clan.de\/wordpress\/wp-content\/uploads\/2011\/01\/IMG_1248.jpg\" rel=\"lightbox[15]\"><img loading=\"lazy\" decoding=\"async\" class=\"aligncenter size-medium wp-image-30\" title=\"IMG_1248\" src=\"http:\/\/stoertebeker.kkb-clan.de\/wordpress\/wp-content\/uploads\/2011\/01\/IMG_1248-300x200.jpg\" alt=\"\" width=\"300\" height=\"200\" srcset=\"https:\/\/wp.der-fotopirat.de\/wp-content\/uploads\/2011\/01\/IMG_1248-300x200.jpg 300w, https:\/\/wp.der-fotopirat.de\/wp-content\/uploads\/2011\/01\/IMG_1248.jpg 1024w\" sizes=\"auto, (max-width: 300px) 100vw, 300px\" \/><\/a><\/p>\n<p style=\"text-align: left;\">Weihnachten 2009 gabs dann eine Digicam, da mir das Handy nichtmehr ausreichte. Sie erf\u00fcllt auch immernoch ihre Dienste, wurde jedoch schnell \u00fcberholt..<\/p>\n<p style=\"text-align: left;\"><a href=\"http:\/\/stoertebeker.kkb-clan.de\/wordpress\/wp-content\/uploads\/2011\/01\/IMG_1249.jpg\" rel=\"lightbox[15]\"><img loading=\"lazy\" decoding=\"async\" class=\"aligncenter size-medium wp-image-32\" title=\"IMG_1249\" src=\"http:\/\/stoertebeker.kkb-clan.de\/wordpress\/wp-content\/uploads\/2011\/01\/IMG_1249-300x200.jpg\" alt=\"\" width=\"300\" height=\"200\" srcset=\"https:\/\/wp.der-fotopirat.de\/wp-content\/uploads\/2011\/01\/IMG_1249-300x200.jpg 300w, https:\/\/wp.der-fotopirat.de\/wp-content\/uploads\/2011\/01\/IMG_1249.jpg 1024w\" sizes=\"auto, (max-width: 300px) 100vw, 300px\" \/><\/a><\/p>\n<h2>Das aktuelle Spielzeug<\/h2>\n<p>Mein aktuelles M\u00e4dchen ist eine Canon Eos 60D mit folgenden Objektiven:<\/p>\n<ol>\n<li>Canon 17-85 mm f\/4 &#8211; f\/5,6 Kitobjektiv<\/li>\n<li>Sigma 700-200 mm f\/2,8 HS OS DG APO Teleobjektiv mit 2,0x Konverter<\/li>\n<li>Walimex 8 mm Fisheye<\/li>\n<li>50 mm f\/1,8 Festbrennweite, liebevoll &#8220;Plastebomber&#8221; getauft xD<\/li>\n<\/ol>\n<p>Zus\u00e4tzlich besitze ich noch etwas Kleinkram:<\/p>\n<ul>\n<li>Polfilter<\/li>\n<li>UV-Filter<\/li>\n<li>Fernausl\u00f6ser 1 m Kabel<\/li>\n<li>supertolle Tasche von Loewe Pro, in die neben der Ausr\u00fcstung auchnoch ein paar Astra passen<\/li>\n<li>ein Stativ mit fast 2 Metern Maximalh\u00f6he<\/li>\n<li>Makro-Umkehrring (auch Retroring genannt)<\/li>\n<li>Zwischenringe<\/li>\n<li>Canon Speedlite 430 EX II mit Diffusor<\/li>\n<li>SlaveFlash von Traumflieger (reagiert auf Blitzlicht)<\/li>\n<li>2 Danbos xD<\/li>\n<li>3 Zwischenringe mit insgesamt 68 mm L\u00e4nge, um die Naheinstellgrenze zu verk\u00fcrzen<\/li>\n<\/ul>\n<p>aktuelles Bild der jetzigen Ausr\u00fcstung fehlt leider, aber so schaute es bis letztes Jahr noch aus \ud83d\ude09<\/p>\n<p><a href=\"http:\/\/stoertebeker.kkb-clan.de\/wordpress\/wp-content\/uploads\/2011\/01\/DSC02011.jpg\" rel=\"lightbox[15]\"><img loading=\"lazy\" decoding=\"async\" class=\"aligncenter size-medium wp-image-379\" title=\"DSC02011\" src=\"http:\/\/stoertebeker.kkb-clan.de\/wordpress\/wp-content\/uploads\/2011\/01\/DSC02011-300x225.jpg\" alt=\"\" width=\"300\" height=\"225\" srcset=\"https:\/\/wp.der-fotopirat.de\/wp-content\/uploads\/2011\/01\/DSC02011-300x225.jpg 300w, https:\/\/wp.der-fotopirat.de\/wp-content\/uploads\/2011\/01\/DSC02011.jpg 800w\" sizes=\"auto, (max-width: 300px) 100vw, 300px\" \/><\/a><\/p>\n<p>So, jetzt wisst ihr alles \u00fcber meine Ausr\u00fcstung und m\u00fcsst nicht fragen \ud83d\ude1b<\/p>\n<p>Fast alle Bilder sind damit entstanden, wenn ich Leihgaben in die Hand bekomme, schreib ichs extra drunter.<\/p>\n<p>Liste wird kontinuierlich erweitert bei Neuerwerben \ud83d\ude09<\/p>\n","protected":false},"excerpt":{"rendered":"<p>Mein \u00e4ltestes noch in Erinnerung gebliebenes Werkzeug ist eine Kompaktkamera mit Film, welche sicherlich in irgendeiner Kiste noch ihr dasein fristet. Meine erste Digicam stammte aus dem Jahr 2000 oder 2001 und kostete damals wohl \u00fcber 1000 Mark: Danach kam &hellip; <a href=\"https:\/\/wp.der-fotopirat.de\/?page_id=15\">Continue reading <span class=\"meta-nav\">&rarr;<\/span><\/a><\/p>\n","protected":false},"author":1,"featured_media":0,"parent":0,"menu_order":0,"comment_status":"open","ping_status":"closed","template":"","meta":{"footnotes":""},"class_list":["post-15","page","type-page","status-publish","hentry"],"_links":{"self":[{"href":"https:\/\/wp.der-fotopirat.de\/index.php?rest_route=\/wp\/v2\/pages\/15","targetHints":{"allow":["GET"]}}],"collection":[{"href":"https:\/\/wp.der-fotopirat.de\/index.php?rest_route=\/wp\/v2\/pages"}],"about":[{"href":"https:\/\/wp.der-fotopirat.de\/index.php?rest_route=\/wp\/v2\/types\/page"}],"author":[{"embeddable":true,"href":"https:\/\/wp.der-fotopirat.de\/index.php?rest_route=\/wp\/v2\/users\/1"}],"replies":[{"embeddable":true,"href":"https:\/\/wp.der-fotopirat.de\/index.php?rest_route=%2Fwp%2Fv2%2Fcomments&post=15"}],"version-history":[{"count":9,"href":"https:\/\/wp.der-fotopirat.de\/index.php?rest_route=\/wp\/v2\/pages\/15\/revisions"}],"predecessor-version":[{"id":986,"href":"https:\/\/wp.der-fotopirat.de\/index.php?rest_route=\/wp\/v2\/pages\/15\/revisions\/986"}],"wp:attachment":[{"href":"https:\/\/wp.der-fotopirat.de\/index.php?rest_route=%2Fwp%2Fv2%2Fmedia&parent=15"}],"curies":[{"name":"wp","href":"https:\/\/api.w.org\/{rel}","templated":true}]}}